{"id":24,"date":"2025-06-24T09:23:59","date_gmt":"2025-06-24T07:23:59","guid":{"rendered":"https:\/\/www.emile.ndrc-cours.fr\/?page_id=24"},"modified":"2025-06-24T09:24:05","modified_gmt":"2025-06-24T07:24:05","slug":"%f0%9f%8c%bf-qui-sommes-nous","status":"publish","type":"page","link":"https:\/\/www.emile.ndrc-cours.fr\/?page_id=24","title":{"rendered":"\ud83c\udf3f Qui sommes-nous ?"},"content":{"rendered":"\n<h2 class=\"wp-block-heading\"><\/h2>\n\n\n\n<p><strong>Autour des Plantes<\/strong> est une entreprise artisanale fond\u00e9e en 2012 par <strong>Antoine Lecointre<\/strong> et <strong>Sylvain Quet<\/strong>, deux amis passionn\u00e9s de biologie et de nature. Install\u00e9s \u00e0 <strong>Mign\u00e9-Auxances (86)<\/strong>, nous cultivons et cueillons localement des plantes m\u00e9dicinales en <strong>agriculture biologique<\/strong>.<\/p>\n\n\n\n<p>Nous transformons nos plantes en <strong>cosm\u00e9tiques naturels<\/strong>, <strong>tisanes<\/strong>, <strong>aromates<\/strong> et <strong>soins sp\u00e9cifiques<\/strong>, tous certifi\u00e9s <strong>AB<\/strong> et labellis\u00e9s <strong>Nature &amp; Progr\u00e8s<\/strong>.<\/p>\n\n\n\n<p>Notre mission : proposer des produits sains, locaux et respectueux de l\u2019environnement, tout en partageant notre passion pour les plantes.<\/p>\n\n\n\n<figure class=\"wp-block-image size-full\"><img loading=\"lazy\" decoding=\"async\" width=\"603\" height=\"793\" src=\"https:\/\/www.emile.ndrc-cours.fr\/wp-content\/uploads\/2025\/06\/logo-autourdesplantes.png\" alt=\"\" class=\"wp-image-26\" srcset=\"https:\/\/www.emile.ndrc-cours.fr\/wp-content\/uploads\/2025\/06\/logo-autourdesplantes.png 603w, https:\/\/www.emile.ndrc-cours.fr\/wp-content\/uploads\/2025\/06\/logo-autourdesplantes-228x300.png 228w\" sizes=\"auto, (max-width: 603px) 100vw, 603px\" \/><\/figure>\n","protected":false},"excerpt":{"rendered":"<p>Autour des Plantes est une entreprise artisanale fond\u00e9e en 2012 par Antoine Lecointre et Sylvain Quet, deux amis passionn\u00e9s de [&hellip;]<\/p>\n","protected":false},"author":1,"featured_media":25,"parent":0,"menu_order":0,"comment_status":"closed","ping_status":"closed","template":"","meta":{"_uag_custom_page_level_css":"","site-sidebar-layout":"default","site-content-layout":"","ast-site-content-layout":"default","site-content-style":"default","site-sidebar-style":"default","ast-global-header-display":"","ast-banner-title-visibility":"","ast-main-header-display":"","ast-hfb-above-header-display":"","ast-hfb-below-header-display":"","ast-hfb-mobile-header-display":"","site-post-title":"","ast-breadcrumbs-content":"","ast-featured-img":"","footer-sml-layout":"","ast-disable-related-posts":"","theme-transparent-header-meta":"","adv-header-id-meta":"","stick-header-meta":"","header-above-stick-meta":"","header-main-stick-meta":"","header-below-stick-meta":"","astra-migrate-meta-layouts":"default","ast-page-background-enabled":"default","ast-page-background-meta":{"desktop":{"background-color":"var(--ast-global-color-5)","background-image":"","background-repeat":"repeat","background-position":"center center","background-size":"auto","background-attachment":"scroll","background-type":"","background-media":"","overlay-type":"","overlay-color":"","overlay-opacity":"","overlay-gradient":""},"tablet":{"background-color":"","background-image":"","background-repeat":"repeat","background-position":"center center","background-size":"auto","background-attachment":"scroll","background-type":"","background-media":"","overlay-type":"","overlay-color":"","overlay-opacity":"","overlay-gradient":""},"mobile":{"background-color":"","background-image":"","background-repeat":"repeat","background-position":"center center","background-size":"auto","background-attachment":"scroll","background-type":"","background-media":"","overlay-type":"","overlay-color":"","overlay-opacity":"","overlay-gradient":""}},"ast-content-background-meta":{"desktop":{"background-color":"var(--ast-global-color-4)","background-image":"","background-repeat":"repeat","background-position":"center center","background-size":"auto","background-attachment":"scroll","background-type":"","background-media":"","overlay-type":"","overlay-color":"","overlay-opacity":"","overlay-gradient":""},"tablet":{"background-color":"var(--ast-global-color-4)","background-image":"","background-repeat":"repeat","background-position":"center center","background-size":"auto","background-attachment":"scroll","background-type":"","background-media":"","overlay-type":"","overlay-color":"","overlay-opacity":"","overlay-gradient":""},"mobile":{"background-color":"var(--ast-global-color-4)","background-image":"","background-repeat":"repeat","background-position":"center center","background-size":"auto","background-attachment":"scroll","background-type":"","background-media":"","overlay-type":"","overlay-color":"","overlay-opacity":"","overlay-gradient":""}},"footnotes":""},"class_list":["post-24","page","type-page","status-publish","has-post-thumbnail","hentry"],"yoast_head":"<!-- This site is optimized with the Yoast SEO plugin v27.1.1 - https:\/\/yoast.com\/product\/yoast-seo-wordpress\/ -->\n<title>\ud83c\udf3f Qui sommes-nous ? -<\/title>\n<meta name=\"robots\" content=\"noindex, follow, max-snippet:-1, max-image-preview:large, max-video-preview:-1\" \/>\n<meta property=\"og:locale\" content=\"fr_FR\" \/>\n<meta property=\"og:type\" content=\"article\" \/>\n<meta property=\"og:title\" content=\"\ud83c\udf3f Qui sommes-nous ? -\" \/>\n<meta property=\"og:description\" content=\"Autour des Plantes est une entreprise artisanale fond\u00e9e en 2012 par Antoine Lecointre et Sylvain Quet, deux amis passionn\u00e9s de [&hellip;]\" \/>\n<meta property=\"og:url\" content=\"https:\/\/www.emile.ndrc-cours.fr\/?page_id=24\" \/>\n<meta property=\"article:modified_time\" content=\"2025-06-24T07:24:05+00:00\" \/>\n<meta property=\"og:image\" content=\"https:\/\/www.emile.ndrc-cours.fr\/wp-content\/uploads\/2025\/06\/fff91299f5390cf909f6e4bc863c7c07-scaled.jpg\" \/>\n\t<meta property=\"og:image:width\" content=\"2560\" \/>\n\t<meta property=\"og:image:height\" content=\"2560\" \/>\n\t<meta property=\"og:image:type\" content=\"image\/jpeg\" \/>\n<meta name=\"twitter:card\" content=\"summary_large_image\" \/>\n<meta name=\"twitter:label1\" content=\"Dur\u00e9e de lecture estim\u00e9e\" \/>\n\t<meta name=\"twitter:data1\" content=\"1 minute\" \/>\n<script type=\"application\/ld+json\" class=\"yoast-schema-graph\">{\"@context\":\"https:\/\/schema.org\",\"@graph\":[{\"@type\":\"WebPage\",\"@id\":\"https:\/\/www.emile.ndrc-cours.fr\/?page_id=24\",\"url\":\"https:\/\/www.emile.ndrc-cours.fr\/?page_id=24\",\"name\":\"\ud83c\udf3f Qui sommes-nous ? -\",\"isPartOf\":{\"@id\":\"https:\/\/www.emile.ndrc-cours.fr\/#website\"},\"primaryImageOfPage\":{\"@id\":\"https:\/\/www.emile.ndrc-cours.fr\/?page_id=24#primaryimage\"},\"image\":{\"@id\":\"https:\/\/www.emile.ndrc-cours.fr\/?page_id=24#primaryimage\"},\"thumbnailUrl\":\"https:\/\/www.emile.ndrc-cours.fr\/wp-content\/uploads\/2025\/06\/fff91299f5390cf909f6e4bc863c7c07-scaled.jpg\",\"datePublished\":\"2025-06-24T07:23:59+00:00\",\"dateModified\":\"2025-06-24T07:24:05+00:00\",\"breadcrumb\":{\"@id\":\"https:\/\/www.emile.ndrc-cours.fr\/?page_id=24#breadcrumb\"},\"inLanguage\":\"fr-FR\",\"potentialAction\":[{\"@type\":\"ReadAction\",\"target\":[\"https:\/\/www.emile.ndrc-cours.fr\/?page_id=24\"]}]},{\"@type\":\"ImageObject\",\"inLanguage\":\"fr-FR\",\"@id\":\"https:\/\/www.emile.ndrc-cours.fr\/?page_id=24#primaryimage\",\"url\":\"https:\/\/www.emile.ndrc-cours.fr\/wp-content\/uploads\/2025\/06\/fff91299f5390cf909f6e4bc863c7c07-scaled.jpg\",\"contentUrl\":\"https:\/\/www.emile.ndrc-cours.fr\/wp-content\/uploads\/2025\/06\/fff91299f5390cf909f6e4bc863c7c07-scaled.jpg\",\"width\":2560,\"height\":2560},{\"@type\":\"BreadcrumbList\",\"@id\":\"https:\/\/www.emile.ndrc-cours.fr\/?page_id=24#breadcrumb\",\"itemListElement\":[{\"@type\":\"ListItem\",\"position\":1,\"name\":\"Accueil\",\"item\":\"https:\/\/www.emile.ndrc-cours.fr\/\"},{\"@type\":\"ListItem\",\"position\":2,\"name\":\"\ud83c\udf3f Qui sommes-nous ?\"}]},{\"@type\":\"WebSite\",\"@id\":\"https:\/\/www.emile.ndrc-cours.fr\/#website\",\"url\":\"https:\/\/www.emile.ndrc-cours.fr\/\",\"name\":\"\",\"description\":\"\",\"potentialAction\":[{\"@type\":\"SearchAction\",\"target\":{\"@type\":\"EntryPoint\",\"urlTemplate\":\"https:\/\/www.emile.ndrc-cours.fr\/?s={search_term_string}\"},\"query-input\":{\"@type\":\"PropertyValueSpecification\",\"valueRequired\":true,\"valueName\":\"search_term_string\"}}],\"inLanguage\":\"fr-FR\"}]}<\/script>\n<!-- \/ Yoast SEO plugin. -->","yoast_head_json":{"title":"\ud83c\udf3f Qui sommes-nous ? -","robots":{"index":"noindex","follow":"follow","max-snippet":"max-snippet:-1","max-image-preview":"max-image-preview:large","max-video-preview":"max-video-preview:-1"},"og_locale":"fr_FR","og_type":"article","og_title":"\ud83c\udf3f Qui sommes-nous ? -","og_description":"Autour des Plantes est une entreprise artisanale fond\u00e9e en 2012 par Antoine Lecointre et Sylvain Quet, deux amis passionn\u00e9s de [&hellip;]","og_url":"https:\/\/www.emile.ndrc-cours.fr\/?page_id=24","article_modified_time":"2025-06-24T07:24:05+00:00","og_image":[{"width":2560,"height":2560,"url":"https:\/\/www.emile.ndrc-cours.fr\/wp-content\/uploads\/2025\/06\/fff91299f5390cf909f6e4bc863c7c07-scaled.jpg","type":"image\/jpeg"}],"twitter_card":"summary_large_image","twitter_misc":{"Dur\u00e9e de lecture estim\u00e9e":"1 minute"},"schema":{"@context":"https:\/\/schema.org","@graph":[{"@type":"WebPage","@id":"https:\/\/www.emile.ndrc-cours.fr\/?page_id=24","url":"https:\/\/www.emile.ndrc-cours.fr\/?page_id=24","name":"\ud83c\udf3f Qui sommes-nous ? -","isPartOf":{"@id":"https:\/\/www.emile.ndrc-cours.fr\/#website"},"primaryImageOfPage":{"@id":"https:\/\/www.emile.ndrc-cours.fr\/?page_id=24#primaryimage"},"image":{"@id":"https:\/\/www.emile.ndrc-cours.fr\/?page_id=24#primaryimage"},"thumbnailUrl":"https:\/\/www.emile.ndrc-cours.fr\/wp-content\/uploads\/2025\/06\/fff91299f5390cf909f6e4bc863c7c07-scaled.jpg","datePublished":"2025-06-24T07:23:59+00:00","dateModified":"2025-06-24T07:24:05+00:00","breadcrumb":{"@id":"https:\/\/www.emile.ndrc-cours.fr\/?page_id=24#breadcrumb"},"inLanguage":"fr-FR","potentialAction":[{"@type":"ReadAction","target":["https:\/\/www.emile.ndrc-cours.fr\/?page_id=24"]}]},{"@type":"ImageObject","inLanguage":"fr-FR","@id":"https:\/\/www.emile.ndrc-cours.fr\/?page_id=24#primaryimage","url":"https:\/\/www.emile.ndrc-cours.fr\/wp-content\/uploads\/2025\/06\/fff91299f5390cf909f6e4bc863c7c07-scaled.jpg","contentUrl":"https:\/\/www.emile.ndrc-cours.fr\/wp-content\/uploads\/2025\/06\/fff91299f5390cf909f6e4bc863c7c07-scaled.jpg","width":2560,"height":2560},{"@type":"BreadcrumbList","@id":"https:\/\/www.emile.ndrc-cours.fr\/?page_id=24#breadcrumb","itemListElement":[{"@type":"ListItem","position":1,"name":"Accueil","item":"https:\/\/www.emile.ndrc-cours.fr\/"},{"@type":"ListItem","position":2,"name":"\ud83c\udf3f Qui sommes-nous ?"}]},{"@type":"WebSite","@id":"https:\/\/www.emile.ndrc-cours.fr\/#website","url":"https:\/\/www.emile.ndrc-cours.fr\/","name":"","description":"","potentialAction":[{"@type":"SearchAction","target":{"@type":"EntryPoint","urlTemplate":"https:\/\/www.emile.ndrc-cours.fr\/?s={search_term_string}"},"query-input":{"@type":"PropertyValueSpecification","valueRequired":true,"valueName":"search_term_string"}}],"inLanguage":"fr-FR"}]}},"uagb_featured_image_src":{"full":["https:\/\/www.emile.ndrc-cours.fr\/wp-content\/uploads\/2025\/06\/fff91299f5390cf909f6e4bc863c7c07-scaled.jpg",2560,2560,false],"thumbnail":["https:\/\/www.emile.ndrc-cours.fr\/wp-content\/uploads\/2025\/06\/fff91299f5390cf909f6e4bc863c7c07-150x150.jpg",150,150,true],"medium":["https:\/\/www.emile.ndrc-cours.fr\/wp-content\/uploads\/2025\/06\/fff91299f5390cf909f6e4bc863c7c07-300x300.jpg",300,300,true],"medium_large":["https:\/\/www.emile.ndrc-cours.fr\/wp-content\/uploads\/2025\/06\/fff91299f5390cf909f6e4bc863c7c07-768x768.jpg",768,768,true],"large":["https:\/\/www.emile.ndrc-cours.fr\/wp-content\/uploads\/2025\/06\/fff91299f5390cf909f6e4bc863c7c07-1024x1024.jpg",1024,1024,true],"1536x1536":["https:\/\/www.emile.ndrc-cours.fr\/wp-content\/uploads\/2025\/06\/fff91299f5390cf909f6e4bc863c7c07-1536x1536.jpg",1536,1536,true],"2048x2048":["https:\/\/www.emile.ndrc-cours.fr\/wp-content\/uploads\/2025\/06\/fff91299f5390cf909f6e4bc863c7c07-2048x2048.jpg",2048,2048,true]},"uagb_author_info":{"display_name":"Evan","author_link":"https:\/\/www.emile.ndrc-cours.fr\/?author=1"},"uagb_comment_info":0,"uagb_excerpt":"Autour des Plantes est une entreprise artisanale fond\u00e9e en 2012 par Antoine Lecointre et Sylvain Quet, deux amis passionn\u00e9s de [&hellip;]","_links":{"self":[{"href":"https:\/\/www.emile.ndrc-cours.fr\/index.php?rest_route=\/wp\/v2\/pages\/24","targetHints":{"allow":["GET"]}}],"collection":[{"href":"https:\/\/www.emile.ndrc-cours.fr\/index.php?rest_route=\/wp\/v2\/pages"}],"about":[{"href":"https:\/\/www.emile.ndrc-cours.fr\/index.php?rest_route=\/wp\/v2\/types\/page"}],"author":[{"embeddable":true,"href":"https:\/\/www.emile.ndrc-cours.fr\/index.php?rest_route=\/wp\/v2\/users\/1"}],"replies":[{"embeddable":true,"href":"https:\/\/www.emile.ndrc-cours.fr\/index.php?rest_route=%2Fwp%2Fv2%2Fcomments&post=24"}],"version-history":[{"count":1,"href":"https:\/\/www.emile.ndrc-cours.fr\/index.php?rest_route=\/wp\/v2\/pages\/24\/revisions"}],"predecessor-version":[{"id":27,"href":"https:\/\/www.emile.ndrc-cours.fr\/index.php?rest_route=\/wp\/v2\/pages\/24\/revisions\/27"}],"wp:featuredmedia":[{"embeddable":true,"href":"https:\/\/www.emile.ndrc-cours.fr\/index.php?rest_route=\/wp\/v2\/media\/25"}],"wp:attachment":[{"href":"https:\/\/www.emile.ndrc-cours.fr\/index.php?rest_route=%2Fwp%2Fv2%2Fmedia&parent=24"}],"curies":[{"name":"wp","href":"https:\/\/api.w.org\/{rel}","templated":true}]}}